{"id":870,"date":"2022-12-05T13:32:18","date_gmt":"2022-12-05T18:32:18","guid":{"rendered":"https:\/\/aqpmc.devmeb.ca\/cart\/"},"modified":"2023-02-13T16:06:47","modified_gmt":"2023-02-13T21:06:47","slug":"cart","status":"publish","type":"page","link":"https:\/\/aqpmc.devmeb.ca\/en\/cart\/","title":{"rendered":"Cart"},"content":{"rendered":" \t\t<div class=\"woocommerce\">\n\t\t\t<div class=\"woocommerce-info wc-memberships-restriction-message wc-memberships-message wc-memberships-content-restricted-message\">\n\t\t\t\tVous devez \u00eatre connect\u00e9 \u00e0 votre compte et avoir une adh\u00e9sion valide pour avoir acc\u00e8s \u00e0 cette section du site.\t\t    <\/div>\n\t\t<\/div>\n\t\t","protected":false},"excerpt":{"rendered":"\n<div class=\"woocommerce\">\n<div class=\"woocommerce-info wc-memberships-restriction-message wc-memberships-message wc-memberships-content-restricted-message\">\n\t\t\t\tVous devez \u00eatre connect\u00e9 \u00e0 votre compte et avoir une adh\u00e9sion valide pour avoir acc\u00e8s \u00e0 cette section du site.\t\t    <\/div>\n<\/p><\/div>\n","protected":false},"author":2,"featured_media":0,"parent":0,"menu_order":0,"comment_status":"closed","ping_status":"closed","template":"","meta":{"_acf_changed":false,"_et_pb_use_builder":"","_et_pb_old_content":"","_et_gb_content_width":"","inline_featured_image":false,"footnotes":""},"class_list":["post-870","page","type-page","status-publish","hentry","membership-content","access-restricted"],"acf":[],"yoast_head":"<!-- This site is optimized with the Yoast SEO plugin v26.6 - https:\/\/yoast.com\/wordpress\/plugins\/seo\/ -->\n<title>Cart - AQPMC<\/title>\n<meta name=\"robots\" content=\"index, follow, max-snippet:-1, max-image-preview:large, max-video-preview:-1\" \/>\n<link rel=\"canonical\" href=\"https:\/\/aqpmc.devmeb.ca\/en\/cart\/\" \/>\n<meta property=\"og:locale\" content=\"en_US\" \/>\n<meta property=\"og:type\" content=\"article\" \/>\n<meta property=\"og:title\" content=\"Cart - AQPMC\" \/>\n<meta property=\"og:description\" content=\"Vous devez \u00eatre connect\u00e9 \u00e0 votre compte et avoir une adh\u00e9sion valide pour avoir acc\u00e8s \u00e0 cette section du site.\" \/>\n<meta property=\"og:url\" content=\"https:\/\/aqpmc.devmeb.ca\/en\/cart\/\" \/>\n<meta property=\"og:site_name\" content=\"AQPMC\" \/>\n<meta property=\"article:modified_time\" content=\"2023-02-13T21:06:47+00:00\" \/>\n<meta name=\"twitter:card\" content=\"summary_large_image\" \/>\n<script type=\"application\/ld+json\" class=\"yoast-schema-graph\">{\"@context\":\"https:\/\/schema.org\",\"@graph\":[{\"@type\":\"WebPage\",\"@id\":\"https:\/\/aqpmc.devmeb.ca\/en\/cart\/\",\"url\":\"https:\/\/aqpmc.devmeb.ca\/en\/cart\/\",\"name\":\"Cart - AQPMC\",\"isPartOf\":{\"@id\":\"https:\/\/aqpmc.devmeb.ca\/#website\"},\"datePublished\":\"2022-12-05T18:32:18+00:00\",\"dateModified\":\"2023-02-13T21:06:47+00:00\",\"breadcrumb\":{\"@id\":\"https:\/\/aqpmc.devmeb.ca\/en\/cart\/#breadcrumb\"},\"inLanguage\":\"en-US\",\"potentialAction\":[{\"@type\":\"ReadAction\",\"target\":[\"https:\/\/aqpmc.devmeb.ca\/en\/cart\/\"]}]},{\"@type\":\"BreadcrumbList\",\"@id\":\"https:\/\/aqpmc.devmeb.ca\/en\/cart\/#breadcrumb\",\"itemListElement\":[{\"@type\":\"ListItem\",\"position\":1,\"name\":\"Accueil\",\"item\":\"https:\/\/aqpmc.devmeb.ca\/en\/accueil\/\"},{\"@type\":\"ListItem\",\"position\":2,\"name\":\"Cart\"}]},{\"@type\":\"WebSite\",\"@id\":\"https:\/\/aqpmc.devmeb.ca\/#website\",\"url\":\"https:\/\/aqpmc.devmeb.ca\/\",\"name\":\"AQPMC\",\"description\":\"AQPMC\",\"publisher\":{\"@id\":\"https:\/\/aqpmc.devmeb.ca\/#organization\"},\"potentialAction\":[{\"@type\":\"SearchAction\",\"target\":{\"@type\":\"EntryPoint\",\"urlTemplate\":\"https:\/\/aqpmc.devmeb.ca\/?s={search_term_string}\"},\"query-input\":{\"@type\":\"PropertyValueSpecification\",\"valueRequired\":true,\"valueName\":\"search_term_string\"}}],\"inLanguage\":\"en-US\"},{\"@type\":\"Organization\",\"@id\":\"https:\/\/aqpmc.devmeb.ca\/#organization\",\"name\":\"AQPMC\",\"url\":\"https:\/\/aqpmc.devmeb.ca\/\",\"logo\":{\"@type\":\"ImageObject\",\"inLanguage\":\"en-US\",\"@id\":\"https:\/\/aqpmc.devmeb.ca\/#\/schema\/logo\/image\/\",\"url\":\"https:\/\/aqpmc.devmeb.ca\/wp-content\/uploads\/2022\/12\/logo-aqpmc.svg\",\"contentUrl\":\"https:\/\/aqpmc.devmeb.ca\/wp-content\/uploads\/2022\/12\/logo-aqpmc.svg\",\"width\":243,\"height\":113,\"caption\":\"AQPMC\"},\"image\":{\"@id\":\"https:\/\/aqpmc.devmeb.ca\/#\/schema\/logo\/image\/\"}}]}<\/script>\n<!-- \/ Yoast SEO plugin. -->","yoast_head_json":{"title":"Cart - AQPMC","robots":{"index":"index","follow":"follow","max-snippet":"max-snippet:-1","max-image-preview":"max-image-preview:large","max-video-preview":"max-video-preview:-1"},"canonical":"https:\/\/aqpmc.devmeb.ca\/en\/cart\/","og_locale":"en_US","og_type":"article","og_title":"Cart - AQPMC","og_description":"Vous devez \u00eatre connect\u00e9 \u00e0 votre compte et avoir une adh\u00e9sion valide pour avoir acc\u00e8s \u00e0 cette section du site.","og_url":"https:\/\/aqpmc.devmeb.ca\/en\/cart\/","og_site_name":"AQPMC","article_modified_time":"2023-02-13T21:06:47+00:00","twitter_card":"summary_large_image","schema":{"@context":"https:\/\/schema.org","@graph":[{"@type":"WebPage","@id":"https:\/\/aqpmc.devmeb.ca\/en\/cart\/","url":"https:\/\/aqpmc.devmeb.ca\/en\/cart\/","name":"Cart - AQPMC","isPartOf":{"@id":"https:\/\/aqpmc.devmeb.ca\/#website"},"datePublished":"2022-12-05T18:32:18+00:00","dateModified":"2023-02-13T21:06:47+00:00","breadcrumb":{"@id":"https:\/\/aqpmc.devmeb.ca\/en\/cart\/#breadcrumb"},"inLanguage":"en-US","potentialAction":[{"@type":"ReadAction","target":["https:\/\/aqpmc.devmeb.ca\/en\/cart\/"]}]},{"@type":"BreadcrumbList","@id":"https:\/\/aqpmc.devmeb.ca\/en\/cart\/#breadcrumb","itemListElement":[{"@type":"ListItem","position":1,"name":"Accueil","item":"https:\/\/aqpmc.devmeb.ca\/en\/accueil\/"},{"@type":"ListItem","position":2,"name":"Cart"}]},{"@type":"WebSite","@id":"https:\/\/aqpmc.devmeb.ca\/#website","url":"https:\/\/aqpmc.devmeb.ca\/","name":"AQPMC","description":"AQPMC","publisher":{"@id":"https:\/\/aqpmc.devmeb.ca\/#organization"},"potentialAction":[{"@type":"SearchAction","target":{"@type":"EntryPoint","urlTemplate":"https:\/\/aqpmc.devmeb.ca\/?s={search_term_string}"},"query-input":{"@type":"PropertyValueSpecification","valueRequired":true,"valueName":"search_term_string"}}],"inLanguage":"en-US"},{"@type":"Organization","@id":"https:\/\/aqpmc.devmeb.ca\/#organization","name":"AQPMC","url":"https:\/\/aqpmc.devmeb.ca\/","logo":{"@type":"ImageObject","inLanguage":"en-US","@id":"https:\/\/aqpmc.devmeb.ca\/#\/schema\/logo\/image\/","url":"https:\/\/aqpmc.devmeb.ca\/wp-content\/uploads\/2022\/12\/logo-aqpmc.svg","contentUrl":"https:\/\/aqpmc.devmeb.ca\/wp-content\/uploads\/2022\/12\/logo-aqpmc.svg","width":243,"height":113,"caption":"AQPMC"},"image":{"@id":"https:\/\/aqpmc.devmeb.ca\/#\/schema\/logo\/image\/"}}]}},"_links":{"self":[{"href":"https:\/\/aqpmc.devmeb.ca\/en\/wp-json\/wp\/v2\/pages\/870","targetHints":{"allow":["GET"]}}],"collection":[{"href":"https:\/\/aqpmc.devmeb.ca\/en\/wp-json\/wp\/v2\/pages"}],"about":[{"href":"https:\/\/aqpmc.devmeb.ca\/en\/wp-json\/wp\/v2\/types\/page"}],"author":[{"embeddable":true,"href":"https:\/\/aqpmc.devmeb.ca\/en\/wp-json\/wp\/v2\/users\/2"}],"replies":[{"embeddable":true,"href":"https:\/\/aqpmc.devmeb.ca\/en\/wp-json\/wp\/v2\/comments?post=870"}],"version-history":[{"count":0,"href":"https:\/\/aqpmc.devmeb.ca\/en\/wp-json\/wp\/v2\/pages\/870\/revisions"}],"wp:attachment":[{"href":"https:\/\/aqpmc.devmeb.ca\/en\/wp-json\/wp\/v2\/media?parent=870"}],"curies":[{"name":"wp","href":"https:\/\/api.w.org\/{rel}","templated":true}]}}